{"id":988027,"date":"2016-12-05T16:27:47","date_gmt":"2016-12-05T16:27:47","guid":{"rendered":"https:\/\/growhelp.multon.work\/kontakte\/"},"modified":"2024-11-19T11:58:45","modified_gmt":"2024-11-19T11:58:45","slug":"kontakte","status":"publish","type":"page","link":"https:\/\/grow.help\/de\/kontakte\/","title":{"rendered":"Kontakte"},"content":{"rendered":"<div class=\"vgblk-rw-wrapper limit-wrapper\">\n\n\t<h1>Verbinden Sie sich mit Grow.Help<\/h1>\n\t<strong>Sind Sie bereit, Ihren Cannabisanbau auf die n\u00e4chste Stufe zu heben?<\/strong>  Unser Team ist hier, um Ihnen zu helfen.<br \/>\nNehmen Sie Kontakt mit uns auf, um Ihre speziellen Bed\u00fcrfnisse zu besprechen, einen Beratungstermin zu vereinbaren oder einfach mehr \u00fcber unsere Dienstleistungen zu erfahren. \n<h4>\n\tLassen Sie uns gemeinsam wachsen.\n\t<\/h4>\n<h4>\n\tErleben Sie den Grow.Help Unterschied.\n\t<\/h4>\n\tHinweis: F\u00fcr diese Inhalte ist JavaScript erforderlich.\n        <!-- That data is being printed as a workaround to page builders reordering the order of the scripts loaded-->\n\t<h3>B\u00dcRO EUROPA<\/h3>\n\t<ul>\n<li>Telliskivi 51C<\/li>\n<li>10412 Tallinn, Estland<\/li>\n<\/ul>\n\t<ul>\n<li><b>Telefon:<\/b> <a href=\"tel:+37253091904\">+372 53 091 904<\/a><\/li>\n<li><b>E-Mail:<\/b> <a title=\"mailto:info@grow.help\" href=\"mailto:info@grow.help\" target=\"_blank\" rel=\"noopener\">info@grow.help<\/a><\/li>\n<\/ul>\n\t\t<iframe src=\"https:\/\/maps.google.com\/maps?q=Telliskivi+51C+10412+Tallinn%2C+Estland&#038;iwloc=near&#038;output=embed\" height=\"250\" frameborder=\"0\" loading=\"lazy\"><\/iframe>\n\t<h3>B\u00dcRO ASIEN<\/h3>\n\t<ul>\n<li><b>WERKK Home Office 65\/56<\/b><\/li>\n<li>Racha Thewa, Bang Phli District<\/li>\n<li>Samut Prakan 10540, Thailand<\/li>\n<\/ul>\n\t<ul>\n<li><b>Telefon:<\/b> <a href=\"tel:+66959186668\">+669 5918 6668<\/a><\/li>\n<li><b>E-Mail:<\/b> <a title=\"mailto:info@grow.help\" href=\"mailto:info@grow.help\" target=\"_blank\" rel=\"noopener\">info@grow.help<\/a><\/li>\n<\/ul>\n\t\t<iframe src=\"https:\/\/maps.google.com\/maps?q=Racha+Thewa%2C+Bang+Phli+Bezirk+Samut+Prakan+10540%2C+Thailand&#038;iwloc=near&#038;output=embed\" height=\"250\" frameborder=\"0\" loading=\"lazy\"><\/iframe>\n\n<\/div><!-- .vgblk-rw-wrapper -->","protected":false},"excerpt":{"rendered":"<p>Verbinden Sie sich mit Grow.Help Sind Sie bereit, Ihren Cannabisanbau auf die n\u00e4chste Stufe zu heben? Unser Team ist hier, um Ihnen zu helfen. Nehmen Sie Kontakt mit uns auf, um Ihre speziellen Bed\u00fcrfnisse zu besprechen, einen Beratungstermin zu vereinbaren oder einfach mehr \u00fcber unsere Dienstleistungen zu erfahren. Lassen Sie uns gemeinsam wachsen. Erleben Sie&#8230;<\/p>\n","protected":false},"author":3,"featured_media":0,"parent":0,"menu_order":0,"comment_status":"closed","ping_status":"closed","template":"","meta":{"footnotes":""},"class_list":["post-988027","page","type-page","status-publish","hentry"],"yoast_head":"<!-- This site is optimized with the Yoast SEO plugin v23.9 - https:\/\/yoast.com\/wordpress\/plugins\/seo\/ -->\n<title>Kontakte - Grow.Help<\/title>\n<meta name=\"robots\" content=\"index, follow, max-snippet:-1, max-image-preview:large, max-video-preview:-1\" \/>\n<link rel=\"canonical\" href=\"https:\/\/grow.help\/de\/kontakte\/\" \/>\n<meta property=\"og:locale\" content=\"de_DE\" \/>\n<meta property=\"og:type\" content=\"article\" \/>\n<meta property=\"og:title\" content=\"Kontakte - Grow.Help\" \/>\n<meta property=\"og:description\" content=\"Verbinden Sie sich mit Grow.Help Sind Sie bereit, Ihren Cannabisanbau auf die n\u00e4chste Stufe zu heben? Unser Team ist hier, um Ihnen zu helfen. Nehmen Sie Kontakt mit uns auf, um Ihre speziellen Bed\u00fcrfnisse zu besprechen, einen Beratungstermin zu vereinbaren oder einfach mehr \u00fcber unsere Dienstleistungen zu erfahren. Lassen Sie uns gemeinsam wachsen. Erleben Sie...\" \/>\n<meta property=\"og:url\" content=\"https:\/\/grow.help\/de\/kontakte\/\" \/>\n<meta property=\"og:site_name\" content=\"Grow.Help\" \/>\n<meta property=\"article:modified_time\" content=\"2024-11-19T11:58:45+00:00\" \/>\n<meta name=\"twitter:card\" content=\"summary_large_image\" \/>\n<meta name=\"twitter:label1\" content=\"Gesch\u00e4tzte Lesezeit\" \/>\n\t<meta name=\"twitter:data1\" content=\"1 Minute\" \/>\n<script type=\"application\/ld+json\" class=\"yoast-schema-graph\">{\"@context\":\"https:\/\/schema.org\",\"@graph\":[{\"@type\":\"WebPage\",\"@id\":\"https:\/\/grow.help\/de\/kontakte\/\",\"url\":\"https:\/\/grow.help\/de\/kontakte\/\",\"name\":\"Kontakte - Grow.Help\",\"isPartOf\":{\"@id\":\"https:\/\/grow.help\/de\/#website\"},\"datePublished\":\"2016-12-05T16:27:47+00:00\",\"dateModified\":\"2024-11-19T11:58:45+00:00\",\"breadcrumb\":{\"@id\":\"https:\/\/grow.help\/de\/kontakte\/#breadcrumb\"},\"inLanguage\":\"de\",\"potentialAction\":[{\"@type\":\"ReadAction\",\"target\":[\"https:\/\/grow.help\/de\/kontakte\/\"]}]},{\"@type\":\"BreadcrumbList\",\"@id\":\"https:\/\/grow.help\/de\/kontakte\/#breadcrumb\",\"itemListElement\":[{\"@type\":\"ListItem\",\"position\":1,\"name\":\"Home\",\"item\":\"https:\/\/grow.help\/de\/\"},{\"@type\":\"ListItem\",\"position\":2,\"name\":\"Kontakte\"}]},{\"@type\":\"WebSite\",\"@id\":\"https:\/\/grow.help\/de\/#website\",\"url\":\"https:\/\/grow.help\/de\/\",\"name\":\"Grow.Help\",\"description\":\"Cannabis cultivation specialists\",\"publisher\":{\"@id\":\"https:\/\/grow.help\/de\/#organization\"},\"potentialAction\":[{\"@type\":\"SearchAction\",\"target\":{\"@type\":\"EntryPoint\",\"urlTemplate\":\"https:\/\/grow.help\/de\/?s={search_term_string}\"},\"query-input\":{\"@type\":\"PropertyValueSpecification\",\"valueRequired\":true,\"valueName\":\"search_term_string\"}}],\"inLanguage\":\"de\"},{\"@type\":\"Organization\",\"@id\":\"https:\/\/grow.help\/de\/#organization\",\"name\":\"Grow.Help\",\"url\":\"https:\/\/grow.help\/de\/\",\"logo\":{\"@type\":\"ImageObject\",\"inLanguage\":\"de\",\"@id\":\"https:\/\/grow.help\/de\/#\/schema\/logo\/image\/\",\"url\":\"\",\"contentUrl\":\"\",\"caption\":\"Grow.Help\"},\"image\":{\"@id\":\"https:\/\/grow.help\/de\/#\/schema\/logo\/image\/\"}}]}<\/script>\n<!-- \/ Yoast SEO plugin. -->","yoast_head_json":{"title":"Kontakte - Grow.Help","robots":{"index":"index","follow":"follow","max-snippet":"max-snippet:-1","max-image-preview":"max-image-preview:large","max-video-preview":"max-video-preview:-1"},"canonical":"https:\/\/grow.help\/de\/kontakte\/","og_locale":"de_DE","og_type":"article","og_title":"Kontakte - Grow.Help","og_description":"Verbinden Sie sich mit Grow.Help Sind Sie bereit, Ihren Cannabisanbau auf die n\u00e4chste Stufe zu heben? Unser Team ist hier, um Ihnen zu helfen. Nehmen Sie Kontakt mit uns auf, um Ihre speziellen Bed\u00fcrfnisse zu besprechen, einen Beratungstermin zu vereinbaren oder einfach mehr \u00fcber unsere Dienstleistungen zu erfahren. Lassen Sie uns gemeinsam wachsen. Erleben Sie...","og_url":"https:\/\/grow.help\/de\/kontakte\/","og_site_name":"Grow.Help","article_modified_time":"2024-11-19T11:58:45+00:00","twitter_card":"summary_large_image","twitter_misc":{"Gesch\u00e4tzte Lesezeit":"1 Minute"},"schema":{"@context":"https:\/\/schema.org","@graph":[{"@type":"WebPage","@id":"https:\/\/grow.help\/de\/kontakte\/","url":"https:\/\/grow.help\/de\/kontakte\/","name":"Kontakte - Grow.Help","isPartOf":{"@id":"https:\/\/grow.help\/de\/#website"},"datePublished":"2016-12-05T16:27:47+00:00","dateModified":"2024-11-19T11:58:45+00:00","breadcrumb":{"@id":"https:\/\/grow.help\/de\/kontakte\/#breadcrumb"},"inLanguage":"de","potentialAction":[{"@type":"ReadAction","target":["https:\/\/grow.help\/de\/kontakte\/"]}]},{"@type":"BreadcrumbList","@id":"https:\/\/grow.help\/de\/kontakte\/#breadcrumb","itemListElement":[{"@type":"ListItem","position":1,"name":"Home","item":"https:\/\/grow.help\/de\/"},{"@type":"ListItem","position":2,"name":"Kontakte"}]},{"@type":"WebSite","@id":"https:\/\/grow.help\/de\/#website","url":"https:\/\/grow.help\/de\/","name":"Grow.Help","description":"Cannabis cultivation specialists","publisher":{"@id":"https:\/\/grow.help\/de\/#organization"},"potentialAction":[{"@type":"SearchAction","target":{"@type":"EntryPoint","urlTemplate":"https:\/\/grow.help\/de\/?s={search_term_string}"},"query-input":{"@type":"PropertyValueSpecification","valueRequired":true,"valueName":"search_term_string"}}],"inLanguage":"de"},{"@type":"Organization","@id":"https:\/\/grow.help\/de\/#organization","name":"Grow.Help","url":"https:\/\/grow.help\/de\/","logo":{"@type":"ImageObject","inLanguage":"de","@id":"https:\/\/grow.help\/de\/#\/schema\/logo\/image\/","url":"","contentUrl":"","caption":"Grow.Help"},"image":{"@id":"https:\/\/grow.help\/de\/#\/schema\/logo\/image\/"}}]}},"jetpack_sharing_enabled":true,"_links":{"self":[{"href":"https:\/\/grow.help\/de\/wp-json\/wp\/v2\/pages\/988027","targetHints":{"allow":["GET"]}}],"collection":[{"href":"https:\/\/grow.help\/de\/wp-json\/wp\/v2\/pages"}],"about":[{"href":"https:\/\/grow.help\/de\/wp-json\/wp\/v2\/types\/page"}],"author":[{"embeddable":true,"href":"https:\/\/grow.help\/de\/wp-json\/wp\/v2\/users\/3"}],"replies":[{"embeddable":true,"href":"https:\/\/grow.help\/de\/wp-json\/wp\/v2\/comments?post=988027"}],"version-history":[{"count":3,"href":"https:\/\/grow.help\/de\/wp-json\/wp\/v2\/pages\/988027\/revisions"}],"predecessor-version":[{"id":988083,"href":"https:\/\/grow.help\/de\/wp-json\/wp\/v2\/pages\/988027\/revisions\/988083"}],"wp:attachment":[{"href":"https:\/\/grow.help\/de\/wp-json\/wp\/v2\/media?parent=988027"}],"curies":[{"name":"wp","href":"https:\/\/api.w.org\/{rel}","templated":true}]}}